{"id":255,"date":"2023-03-13T09:18:55","date_gmt":"2023-03-13T08:18:55","guid":{"rendered":"https:\/\/www.drip-hiit.com\/?page_id=255"},"modified":"2025-06-16T21:06:43","modified_gmt":"2025-06-16T19:06:43","slug":"book","status":"publish","type":"page","link":"https:\/\/www.drip-hiit.com\/en\/book\/","title":{"rendered":"book"},"content":{"rendered":"\t\t<div data-elementor-type=\"wp-page\" data-elementor-id=\"255\" class=\"elementor elementor-255\" data-elementor-post-type=\"page\">\n\t\t\t\t\t\t<section class=\"elementor-section elementor-top-section elementor-element elementor-element-6bb5642 elementor-section-height-min-height elementor-section-items-bottom elementor-section-boxed elementor-section-height-default\" data-id=\"6bb5642\" data-element_type=\"section\" data-e-type=\"section\" data-settings=\"{&quot;background_background&quot;:&quot;classic&quot;}\">\n\t\t\t\t\t\t\t<div class=\"elementor-background-overlay\"><\/div>\n\t\t\t\t\t\t\t<div class=\"elementor-container elementor-column-gap-default\">\n\t\t\t\t\t<div class=\"elementor-column elementor-col-50 elementor-top-column elementor-element elementor-element-b4de4ae\" data-id=\"b4de4ae\" data-element_type=\"column\" data-e-type=\"column\">\n\t\t\t<div class=\"elementor-widget-wrap elementor-element-populated\">\n\t\t\t\t\t\t<div class=\"elementor-element elementor-element-ece00a6 elementor-widget elementor-widget-heading\" data-id=\"ece00a6\" data-element_type=\"widget\" data-e-type=\"widget\" data-widget_type=\"heading.default\">\n\t\t\t\t<div class=\"elementor-widget-container\">\n\t\t\t\t\t<h1 class=\"elementor-heading-title elementor-size-default\">Planning<\/h1>\t\t\t\t<\/div>\n\t\t\t\t<\/div>\n\t\t\t\t\t<\/div>\n\t\t<\/div>\n\t\t\t\t<div class=\"elementor-column elementor-col-50 elementor-top-column elementor-element elementor-element-bd57378 elementor-hidden-phone\" data-id=\"bd57378\" data-element_type=\"column\" data-e-type=\"column\">\n\t\t\t<div class=\"elementor-widget-wrap\">\n\t\t\t\t\t\t\t<\/div>\n\t\t<\/div>\n\t\t\t\t\t<\/div>\n\t\t<\/section>\n\t\t\t\t<section class=\"elementor-section elementor-top-section elementor-element elementor-element-87bdd72 elementor-section-boxed elementor-section-height-default elementor-section-height-default\" data-id=\"87bdd72\" data-element_type=\"section\" data-e-type=\"section\">\n\t\t\t\t\t\t<div class=\"elementor-container elementor-column-gap-default\">\n\t\t\t\t\t<div class=\"elementor-column elementor-col-100 elementor-top-column elementor-element elementor-element-41d14ed\" data-id=\"41d14ed\" data-element_type=\"column\" data-e-type=\"column\">\n\t\t\t<div class=\"elementor-widget-wrap elementor-element-populated\">\n\t\t\t\t\t\t<div class=\"elementor-element elementor-element-b63840e elementor-widget elementor-widget-heading\" data-id=\"b63840e\" data-element_type=\"widget\" data-e-type=\"widget\" id=\"gds-boulv\" data-widget_type=\"heading.default\">\n\t\t\t\t<div class=\"elementor-widget-container\">\n\t\t\t\t\t<h2 class=\"elementor-heading-title elementor-size-default\">Grands boulevards<\/h2>\t\t\t\t<\/div>\n\t\t\t\t<\/div>\n\t\t\t\t\t<\/div>\n\t\t<\/div>\n\t\t\t\t\t<\/div>\n\t\t<\/section>\n\t\t\t\t<section class=\"elementor-section elementor-top-section elementor-element elementor-element-9246bb0 elementor-section-boxed elementor-section-height-default elementor-section-height-default\" data-id=\"9246bb0\" data-element_type=\"section\" data-e-type=\"section\">\n\t\t\t\t\t\t<div class=\"elementor-container elementor-column-gap-default\">\n\t\t\t\t\t<div class=\"elementor-column elementor-col-100 elementor-top-column elementor-element elementor-element-e774eab\" data-id=\"e774eab\" data-element_type=\"column\" data-e-type=\"column\">\n\t\t\t<div class=\"elementor-widget-wrap elementor-element-populated\">\n\t\t\t\t\t\t<div class=\"elementor-element elementor-element-717a1a0 elementor-widget elementor-widget-html\" data-id=\"717a1a0\" data-element_type=\"widget\" data-e-type=\"widget\" data-widget_type=\"html.default\">\n\t\t\t\t<div class=\"elementor-widget-container\">\n\t\t\t\t\t<script id=\"insert-bsport-widget-cdn\">\n      !(function (b, s, p, o, r, t) {\n        !typeof window.BsportWidget !== \"undefined\" &&\n          !document.getElementById(\"bsport-widget-cdn\") &&\n          !(function () {\n            (m = b.createElement(s)),\n              (m.id = \"bsport-widget-cdn\"),\n              (m.src = p),\n              b.getElementsByTagName(\"head\")[0].appendChild(m);\n          })();\n      })(document, \"script\", \"https:\/\/cdn.bsport.io\/scripts\/widget.js\");\n    <\/script>\n    <script id=\"bsport-widget-mount\">\n      function MountBsportWidget(config, repeat = 1) {\n        if (repeat > 50) {\n          return;\n        }\n        if (!window.BsportWidget) {\n          return setTimeout(() => {\n            MountBsportWidget(config, repeat + 1);\n          }, 100 * repeat || 1);\n        }\n        BsportWidget.mount(config);\n      }\n    <\/script>\n    <script>\n      MountBsportWidget({\n        parentElement: \"bsport-widget-drip-calendar\",\n        companyId: 2441,\n        franchiseId: null,\n        dialogMode: 3,\n        widgetType: \"calendar\",\n        showFab: false,\n        fullScreenPopup: false,\n        styles: undefined,\n        config: {\n          calendar: {\n            groupSessionByPeriod: false,\n            todayOnly: false,\n            cardModeDisplayMinWidth: 1000,\n            establishments: [8709],\n          },\n          usePostMessageIframeDimensions: true,\n          usePostMessageIfameScrollup: true,\n        },\n      });\n    <\/script>\n    <div><div id=\"bsport-widget-drip-calendar\" style=\"position:relative; display:inline-block; width:100%; overflow-x:hidden; -webkit-overflow-scrolling:touch;\"><\/div>\t\t\t\t<\/div>\n\t\t\t\t<\/div>\n\t\t\t\t\t<\/div>\n\t\t<\/div>\n\t\t\t\t\t<\/div>\n\t\t<\/section>\n\t\t<div class=\"elementor-element elementor-element-ffb1c9b e-con-full elementor-hidden-desktop elementor-hidden-tablet elementor-hidden-mobile e-flex e-con e-parent\" data-id=\"ffb1c9b\" data-element_type=\"container\" data-e-type=\"container\">\n\t\t\t\t<div class=\"elementor-element elementor-element-10e863e elementor-widget elementor-widget-html\" data-id=\"10e863e\" data-element_type=\"widget\" data-e-type=\"widget\" data-widget_type=\"html.default\">\n\t\t\t\t<div class=\"elementor-widget-container\">\n\t\t\t\t\t <script id=\"insert-bsport-widget-cdn\">\n      !(function (b, s, p, o, r, t) {\n        !typeof window.BsportWidget !== \"undefined\" &&\n          !document.getElementById(\"bsport-widget-cdn\") &&\n          !(function () {\n            (m = b.createElement(s)),\n              (m.id = \"bsport-widget-cdn\"),\n              (m.src = p),\n              b.getElementsByTagName(\"head\")[0].appendChild(m);\n          })();\n      })(document, \"script\", \"https:\/\/cdn.bsport.io\/scripts\/widget.js\");\n    <\/script>\n    <script id=\"bsport-widget-mount\">\n      function MountBsportWidget(config, repeat = 1) {\n        if (repeat > 50) {\n          return;\n        }\n        if (!window.BsportWidget) {\n          return setTimeout(() => {\n            MountBsportWidget(config, repeat + 1);\n          }, 100 * repeat || 1);\n        }\n        BsportWidget.mount(config);\n      }\n    <\/script>\n    <script>\n      MountBsportWidget({\n        parentElement: \"bsport-widget-drip-lead-acquisition\",\n        companyId: 2441,\n        franchiseId: null,\n        dialogMode: 1,\n        widgetType: \"newsletterV2\",\n        showFab: false,\n        fullScreenPopup: false,\n        styles: undefined,\n        config: {\n          newsletterV2: {\n            fieldsType: \"emailOnly\",\n            title: null,\n            showTitle: true,\n            subtitle: null,\n            showSubtitle: false,\n          },\n        },\n      });\n    <\/script>\n    <div><div id=\"bsport-widget-drip-lead-acquisition\" \/><\/div>\t\t\t\t<\/div>\n\t\t\t\t<\/div>\n\t\t\t\t<\/div>\n\t\t\t\t<\/div>\n\t\t","protected":false},"excerpt":{"rendered":"<p>Planning Grands boulevards<\/p>","protected":false},"author":2,"featured_media":8704,"parent":0,"menu_order":0,"comment_status":"closed","ping_status":"closed","template":"","meta":{"_acf_changed":false,"footnotes":""},"class_list":["post-255","page","type-page","status-publish","has-post-thumbnail","hentry"],"acf":[],"yoast_head":"<!-- This site is optimized with the Yoast SEO plugin v27.5 - https:\/\/yoast.com\/product\/yoast-seo-wordpress\/ -->\n<title>R\u00e9server - DRIP - Cours de HIIT \u00e0 Paris<\/title>\n<meta name=\"description\" content=\"R\u00e9servez votre session de HIIT chez DRIP ! D\u00e9couvrez le planning de chaque studio et les potentielles sessions sp\u00e9ciales pr\u00e9vues.\" \/>\n<meta name=\"robots\" content=\"index, follow, max-snippet:-1, max-image-preview:large, max-video-preview:-1\" \/>\n<link rel=\"canonical\" href=\"https:\/\/www.drip-hiit.com\/en\/book\/\" \/>\n<meta property=\"og:locale\" content=\"en_GB\" \/>\n<meta property=\"og:type\" content=\"article\" \/>\n<meta property=\"og:title\" content=\"R\u00e9server - DRIP - Cours de HIIT \u00e0 Paris\" \/>\n<meta property=\"og:description\" content=\"R\u00e9servez votre session de HIIT chez DRIP ! D\u00e9couvrez le planning de chaque studio et les potentielles sessions sp\u00e9ciales pr\u00e9vues.\" \/>\n<meta property=\"og:url\" content=\"https:\/\/www.drip-hiit.com\/en\/book\/\" \/>\n<meta property=\"og:site_name\" content=\"Cours de HIIT Paris - Salle de fitness bootcamp \u00e0 Paris - DRIP\" \/>\n<meta property=\"article:modified_time\" content=\"2025-06-16T19:06:43+00:00\" \/>\n<meta property=\"og:image\" content=\"https:\/\/www.drip-hiit.com\/wp-content\/uploads\/LP-1.png\" \/>\n\t<meta property=\"og:image:width\" content=\"600\" \/>\n\t<meta property=\"og:image:height\" content=\"600\" \/>\n\t<meta property=\"og:image:type\" content=\"image\/png\" \/>\n<meta name=\"twitter:card\" content=\"summary_large_image\" \/>\n<meta name=\"twitter:label1\" content=\"Estimated reading time\" \/>\n\t<meta name=\"twitter:data1\" content=\"1 minute\" \/>\n<script type=\"application\/ld+json\" class=\"yoast-schema-graph\">{\"@context\":\"https:\\\/\\\/schema.org\",\"@graph\":[{\"@type\":\"WebPage\",\"@id\":\"https:\\\/\\\/www.drip-hiit.com\\\/reserver\\\/\",\"url\":\"https:\\\/\\\/www.drip-hiit.com\\\/reserver\\\/\",\"name\":\"R\u00e9server - DRIP - Cours de HIIT \u00e0 Paris\",\"isPartOf\":{\"@id\":\"https:\\\/\\\/www.drip-hiit.com\\\/#website\"},\"primaryImageOfPage\":{\"@id\":\"https:\\\/\\\/www.drip-hiit.com\\\/reserver\\\/#primaryimage\"},\"image\":{\"@id\":\"https:\\\/\\\/www.drip-hiit.com\\\/reserver\\\/#primaryimage\"},\"thumbnailUrl\":\"https:\\\/\\\/www.drip-hiit.com\\\/wp-content\\\/uploads\\\/LP-1.png\",\"datePublished\":\"2023-03-13T08:18:55+00:00\",\"dateModified\":\"2025-06-16T19:06:43+00:00\",\"description\":\"R\u00e9servez votre session de HIIT chez DRIP ! D\u00e9couvrez le planning de chaque studio et les potentielles sessions sp\u00e9ciales pr\u00e9vues.\",\"breadcrumb\":{\"@id\":\"https:\\\/\\\/www.drip-hiit.com\\\/reserver\\\/#breadcrumb\"},\"inLanguage\":\"en-GB\",\"potentialAction\":[{\"@type\":\"ReadAction\",\"target\":[\"https:\\\/\\\/www.drip-hiit.com\\\/reserver\\\/\"]}]},{\"@type\":\"ImageObject\",\"inLanguage\":\"en-GB\",\"@id\":\"https:\\\/\\\/www.drip-hiit.com\\\/reserver\\\/#primaryimage\",\"url\":\"https:\\\/\\\/www.drip-hiit.com\\\/wp-content\\\/uploads\\\/LP-1.png\",\"contentUrl\":\"https:\\\/\\\/www.drip-hiit.com\\\/wp-content\\\/uploads\\\/LP-1.png\",\"width\":600,\"height\":600},{\"@type\":\"BreadcrumbList\",\"@id\":\"https:\\\/\\\/www.drip-hiit.com\\\/reserver\\\/#breadcrumb\",\"itemListElement\":[{\"@type\":\"ListItem\",\"position\":1,\"name\":\"Accueil\",\"item\":\"https:\\\/\\\/www.drip-hiit.com\\\/\"},{\"@type\":\"ListItem\",\"position\":2,\"name\":\"R\u00e9server\"}]},{\"@type\":\"WebSite\",\"@id\":\"https:\\\/\\\/www.drip-hiit.com\\\/#website\",\"url\":\"https:\\\/\\\/www.drip-hiit.com\\\/\",\"name\":\"Drip HIIT Paris\",\"description\":\"\",\"publisher\":{\"@id\":\"https:\\\/\\\/www.drip-hiit.com\\\/#organization\"},\"potentialAction\":[{\"@type\":\"SearchAction\",\"target\":{\"@type\":\"EntryPoint\",\"urlTemplate\":\"https:\\\/\\\/www.drip-hiit.com\\\/?s={search_term_string}\"},\"query-input\":{\"@type\":\"PropertyValueSpecification\",\"valueRequired\":true,\"valueName\":\"search_term_string\"}}],\"inLanguage\":\"en-GB\"},{\"@type\":\"Organization\",\"@id\":\"https:\\\/\\\/www.drip-hiit.com\\\/#organization\",\"name\":\"Drip HIIT Paris\",\"url\":\"https:\\\/\\\/www.drip-hiit.com\\\/\",\"logo\":{\"@type\":\"ImageObject\",\"inLanguage\":\"en-GB\",\"@id\":\"https:\\\/\\\/www.drip-hiit.com\\\/#\\\/schema\\\/logo\\\/image\\\/\",\"url\":\"https:\\\/\\\/www.drip-hiit.com\\\/wp-content\\\/uploads\\\/drip-bleu.svg\",\"contentUrl\":\"https:\\\/\\\/www.drip-hiit.com\\\/wp-content\\\/uploads\\\/drip-bleu.svg\",\"width\":1,\"height\":1,\"caption\":\"Drip HIIT Paris\"},\"image\":{\"@id\":\"https:\\\/\\\/www.drip-hiit.com\\\/#\\\/schema\\\/logo\\\/image\\\/\"},\"sameAs\":[\"https:\\\/\\\/www.instagram.com\\\/drip__hiit\\\/?hl=fr\"]}]}<\/script>\n<!-- \/ Yoast SEO plugin. -->","yoast_head_json":{"title":"Book - DRIP - HIIT classes in Paris","description":"Book your HIIT session at DRIP! Check out the schedule for each studio and any special sessions planned.","robots":{"index":"index","follow":"follow","max-snippet":"max-snippet:-1","max-image-preview":"max-image-preview:large","max-video-preview":"max-video-preview:-1"},"canonical":"https:\/\/www.drip-hiit.com\/en\/book\/","og_locale":"en_GB","og_type":"article","og_title":"R\u00e9server - DRIP - Cours de HIIT \u00e0 Paris","og_description":"R\u00e9servez votre session de HIIT chez DRIP ! D\u00e9couvrez le planning de chaque studio et les potentielles sessions sp\u00e9ciales pr\u00e9vues.","og_url":"https:\/\/www.drip-hiit.com\/en\/book\/","og_site_name":"Cours de HIIT Paris - Salle de fitness bootcamp \u00e0 Paris - DRIP","article_modified_time":"2025-06-16T19:06:43+00:00","og_image":[{"width":600,"height":600,"url":"https:\/\/www.drip-hiit.com\/wp-content\/uploads\/LP-1.png","type":"image\/png"}],"twitter_card":"summary_large_image","twitter_misc":{"Estimated reading time":"1 minute"},"schema":{"@context":"https:\/\/schema.org","@graph":[{"@type":"WebPage","@id":"https:\/\/www.drip-hiit.com\/reserver\/","url":"https:\/\/www.drip-hiit.com\/reserver\/","name":"Book - DRIP - HIIT classes in Paris","isPartOf":{"@id":"https:\/\/www.drip-hiit.com\/#website"},"primaryImageOfPage":{"@id":"https:\/\/www.drip-hiit.com\/reserver\/#primaryimage"},"image":{"@id":"https:\/\/www.drip-hiit.com\/reserver\/#primaryimage"},"thumbnailUrl":"https:\/\/www.drip-hiit.com\/wp-content\/uploads\/LP-1.png","datePublished":"2023-03-13T08:18:55+00:00","dateModified":"2025-06-16T19:06:43+00:00","description":"Book your HIIT session at DRIP! Check out the schedule for each studio and any special sessions planned.","breadcrumb":{"@id":"https:\/\/www.drip-hiit.com\/reserver\/#breadcrumb"},"inLanguage":"en-GB","potentialAction":[{"@type":"ReadAction","target":["https:\/\/www.drip-hiit.com\/reserver\/"]}]},{"@type":"ImageObject","inLanguage":"en-GB","@id":"https:\/\/www.drip-hiit.com\/reserver\/#primaryimage","url":"https:\/\/www.drip-hiit.com\/wp-content\/uploads\/LP-1.png","contentUrl":"https:\/\/www.drip-hiit.com\/wp-content\/uploads\/LP-1.png","width":600,"height":600},{"@type":"BreadcrumbList","@id":"https:\/\/www.drip-hiit.com\/reserver\/#breadcrumb","itemListElement":[{"@type":"ListItem","position":1,"name":"Accueil","item":"https:\/\/www.drip-hiit.com\/"},{"@type":"ListItem","position":2,"name":"R\u00e9server"}]},{"@type":"WebSite","@id":"https:\/\/www.drip-hiit.com\/#website","url":"https:\/\/www.drip-hiit.com\/","name":"Drip HIIT Paris","description":"","publisher":{"@id":"https:\/\/www.drip-hiit.com\/#organization"},"potentialAction":[{"@type":"SearchAction","target":{"@type":"EntryPoint","urlTemplate":"https:\/\/www.drip-hiit.com\/?s={search_term_string}"},"query-input":{"@type":"PropertyValueSpecification","valueRequired":true,"valueName":"search_term_string"}}],"inLanguage":"en-GB"},{"@type":"Organization","@id":"https:\/\/www.drip-hiit.com\/#organization","name":"Drip HIIT Paris","url":"https:\/\/www.drip-hiit.com\/","logo":{"@type":"ImageObject","inLanguage":"en-GB","@id":"https:\/\/www.drip-hiit.com\/#\/schema\/logo\/image\/","url":"https:\/\/www.drip-hiit.com\/wp-content\/uploads\/drip-bleu.svg","contentUrl":"https:\/\/www.drip-hiit.com\/wp-content\/uploads\/drip-bleu.svg","width":1,"height":1,"caption":"Drip HIIT Paris"},"image":{"@id":"https:\/\/www.drip-hiit.com\/#\/schema\/logo\/image\/"},"sameAs":["https:\/\/www.instagram.com\/drip__hiit\/?hl=fr"]}]}},"jetpack_sharing_enabled":true,"publishpress_future_action":{"enabled":false,"date":"2026-05-18 18:08:30","action":"change-status","newStatus":"draft","terms":[],"taxonomy":"","extraData":[]},"publishpress_future_workflow_manual_trigger":{"enabledWorkflows":[]},"_links":{"self":[{"href":"https:\/\/www.drip-hiit.com\/en\/wp-json\/wp\/v2\/pages\/255","targetHints":{"allow":["GET"]}}],"collection":[{"href":"https:\/\/www.drip-hiit.com\/en\/wp-json\/wp\/v2\/pages"}],"about":[{"href":"https:\/\/www.drip-hiit.com\/en\/wp-json\/wp\/v2\/types\/page"}],"author":[{"embeddable":true,"href":"https:\/\/www.drip-hiit.com\/en\/wp-json\/wp\/v2\/users\/2"}],"replies":[{"embeddable":true,"href":"https:\/\/www.drip-hiit.com\/en\/wp-json\/wp\/v2\/comments?post=255"}],"version-history":[{"count":3,"href":"https:\/\/www.drip-hiit.com\/en\/wp-json\/wp\/v2\/pages\/255\/revisions"}],"predecessor-version":[{"id":17111,"href":"https:\/\/www.drip-hiit.com\/en\/wp-json\/wp\/v2\/pages\/255\/revisions\/17111"}],"wp:featuredmedia":[{"embeddable":true,"href":"https:\/\/www.drip-hiit.com\/en\/wp-json\/wp\/v2\/media\/8704"}],"wp:attachment":[{"href":"https:\/\/www.drip-hiit.com\/en\/wp-json\/wp\/v2\/media?parent=255"}],"curies":[{"name":"wp","href":"https:\/\/api.w.org\/{rel}","templated":true}]}}