{"id":13108,"date":"2024-06-03T17:29:48","date_gmt":"2024-06-03T15:29:48","guid":{"rendered":"https:\/\/www.drip-hiit.com\/?page_id=13108"},"modified":"2025-05-05T10:58:51","modified_gmt":"2025-05-05T08:58:51","slug":"discover-sanctuary","status":"publish","type":"page","link":"https:\/\/www.drip-hiit.com\/en\/discover-sanctuary\/","title":{"rendered":"Sanctuary"},"content":{"rendered":"<div data-elementor-type=\"wp-page\" data-elementor-id=\"13108\" class=\"elementor elementor-13108\" data-elementor-post-type=\"page\">\n\t\t\t\t\t\t<section class=\"elementor-section elementor-top-section elementor-element elementor-element-f3974a2 elementor-section-height-min-height elementor-section-full_width elementor-hidden-mobile elementor-section-height-default elementor-section-items-middle\" data-id=\"f3974a2\" data-element_type=\"section\" data-e-type=\"section\" data-settings=\"{&quot;background_background&quot;:&quot;classic&quot;}\">\n\t\t\t\t\t\t\t<div class=\"elementor-background-overlay\"><\/div>\n\t\t\t\t\t\t\t<div class=\"elementor-container elementor-column-gap-default\">\n\t\t\t\t\t<div class=\"elementor-column elementor-col-100 elementor-top-column elementor-element elementor-element-8e9f8c3\" data-id=\"8e9f8c3\" data-element_type=\"column\" data-e-type=\"column\">\n\t\t\t<div class=\"elementor-widget-wrap\">\n\t\t\t\t\t\t\t<\/div>\n\t\t<\/div>\n\t\t\t\t\t<\/div>\n\t\t<\/section>\n\t\t<div class=\"elementor-element elementor-element-15ab109 e-con-full e-flex e-con e-parent\" data-id=\"15ab109\" data-element_type=\"container\" data-e-type=\"container\">\n\t\t<div class=\"elementor-element elementor-element-04259f8 e-con-full e-flex e-con e-child\" data-id=\"04259f8\" data-element_type=\"container\" data-e-type=\"container\" data-settings=\"{&quot;background_background&quot;:&quot;video&quot;,&quot;background_video_link&quot;:&quot;https:\\\/\\\/vimeo.com\\\/936682265&quot;,&quot;background_play_on_mobile&quot;:&quot;yes&quot;}\">\n\t\t<div class=\"elementor-background-video-container\">\n\t\t\t\t\t\t\t<div class=\"elementor-background-video-embed\" role=\"presentation\"><\/div>\n\t\t\t\t\t\t<\/div>\t\t<\/div>\n\t\t<div class=\"elementor-element elementor-element-524ff08 e-con-full e-flex e-con e-child\" data-id=\"524ff08\" data-element_type=\"container\" data-e-type=\"container\">\n\t\t\t\t<div class=\"elementor-element elementor-element-8701c98 elementor-widget elementor-widget-heading\" data-id=\"8701c98\" data-element_type=\"widget\" data-e-type=\"widget\" data-widget_type=\"heading.default\">\n\t\t\t\t<div class=\"elementor-widget-container\">\n\t\t\t\t\t<h1 class=\"elementor-heading-title elementor-size-default\">SANCTUARY<\/h1>\t\t\t\t<\/div>\n\t\t\t\t<\/div>\n\t\t\t\t<div class=\"elementor-element elementor-element-d4450c5 elementor-widget__width-initial elementor-widget-tablet__width-inherit elementor-widget-mobile__width-inherit elementor-widget elementor-widget-text-editor\" data-id=\"d4450c5\" data-element_type=\"widget\" data-e-type=\"widget\" data-widget_type=\"text-editor.default\">\n\t\t\t\t<div class=\"elementor-widget-container\">\n\t\t\t\t\t\t\t\t\t<p>You asked us for it. We did it:\u00a0<b>6 concepts<\/b>\u00a0from Sanctuary come together to offer you a unique immersive experience.<\/p><p>Discover all our urban sanctuaries dedicated to fun sport,\u00a0<b data-stringify-type=\"bold\">where letting go is our credo.<\/b><\/p><p><b>Thanks to our application, book in just a few clicks<\/b> your sessions in our 15 studios and enjoy a varied well-being routine to suit your mood.<\/p><p>From Yoga at Poses to bootcamp at Le Cercle, through aquacycling at Aqua by and more.<\/p><p><b>Sanctuary: the best fitness experience.<\/b><\/p>\t\t\t\t\t\t\t\t<\/div>\n\t\t\t\t<\/div>\n\t\t<div class=\"elementor-element elementor-element-1123388 e-flex e-con-boxed e-con e-child\" data-id=\"1123388\" data-element_type=\"container\" data-e-type=\"container\">\n\t\t\t\t\t<div class=\"e-con-inner\">\n\t\t\t\t<div class=\"elementor-element elementor-element-1799b27 elementor-align-left elementor-mobile-align-center elementor-tablet-align-center elementor-widget elementor-widget-button\" data-id=\"1799b27\" data-element_type=\"widget\" data-e-type=\"widget\" data-widget_type=\"button.default\">\n\t\t\t\t<div class=\"elementor-widget-container\">\n\t\t\t\t\t\t\t\t\t<div class=\"elementor-button-wrapper\">\n\t\t\t\t\t<a class=\"elementor-button elementor-button-link elementor-size-sm\" href=\"https:\/\/www.drip-hiit.com\/en\/planning-of-the-main-boulevards\/\">\n\t\t\t\t\t\t<span class=\"elementor-button-content-wrapper\">\n\t\t\t\t\t\t\t\t\t<span class=\"elementor-button-text\">book<\/span>\n\t\t\t\t\t<\/span>\n\t\t\t\t\t<\/a>\n\t\t\t\t<\/div>\n\t\t\t\t\t\t\t\t<\/div>\n\t\t\t\t<\/div>\n\t\t\t\t<div class=\"elementor-element elementor-element-f2a2cb5 elementor-align-left elementor-mobile-align-center elementor-tablet-align-center elementor-widget elementor-widget-button\" data-id=\"f2a2cb5\" data-element_type=\"widget\" data-e-type=\"widget\" data-widget_type=\"button.default\">\n\t\t\t\t<div class=\"elementor-widget-container\">\n\t\t\t\t\t\t\t\t\t<div class=\"elementor-button-wrapper\">\n\t\t\t\t\t<a class=\"elementor-button elementor-button-link elementor-size-sm\" href=\"https:\/\/www.drip-hiit.com\/en\/credits\/\">\n\t\t\t\t\t\t<span class=\"elementor-button-content-wrapper\">\n\t\t\t\t\t\t\t\t\t<span class=\"elementor-button-text\">More information<\/span>\n\t\t\t\t\t<\/span>\n\t\t\t\t\t<\/a>\n\t\t\t\t<\/div>\n\t\t\t\t\t\t\t\t<\/div>\n\t\t\t\t<\/div>\n\t\t\t\t\t<\/div>\n\t\t\t\t<\/div>\n\t\t\t\t<\/div>\n\t\t\t\t<\/div>\n\t\t<div class=\"elementor-element elementor-element-24cadd2 e-con-full e-flex e-con e-parent\" data-id=\"24cadd2\" data-element_type=\"container\" data-e-type=\"container\">\n\t\t\t\t<div class=\"elementor-element elementor-element-9c9e6a7 elementor-absolute elementor-hidden-tablet elementor-hidden-mobile elementor-widget elementor-widget-image\" data-id=\"9c9e6a7\" data-element_type=\"widget\" data-e-type=\"widget\" data-settings=\"{&quot;_position&quot;:&quot;absolute&quot;}\" data-widget_type=\"image.default\">\n\t\t\t\t<div class=\"elementor-widget-container\">\n\t\t\t\t\t\t\t\t\t\t\t\t\t\t\t<img fetchpriority=\"high\" decoding=\"async\" width=\"800\" height=\"427\" src=\"https:\/\/www.drip-hiit.com\/wp-content\/uploads\/Group-1481-1024x546.png\" class=\"attachment-large size-large wp-image-13111\" alt=\"Sanctuary brands\" srcset=\"https:\/\/www.drip-hiit.com\/wp-content\/uploads\/Group-1481-1024x546.png 1024w, https:\/\/www.drip-hiit.com\/wp-content\/uploads\/Group-1481-300x160.png 300w, https:\/\/www.drip-hiit.com\/wp-content\/uploads\/Group-1481-768x410.png 768w, https:\/\/www.drip-hiit.com\/wp-content\/uploads\/Group-1481-1536x819.png 1536w, https:\/\/www.drip-hiit.com\/wp-content\/uploads\/Group-1481.png 1620w\" sizes=\"(max-width: 800px) 100vw, 800px\" \/>\t\t\t\t\t\t\t\t\t\t\t\t\t\t\t<\/div>\n\t\t\t\t<\/div>\n\t\t<div class=\"elementor-element elementor-element-4f7540b e-flex e-con-boxed e-con e-child\" data-id=\"4f7540b\" data-element_type=\"container\" data-e-type=\"container\" data-settings=\"{&quot;background_background&quot;:&quot;classic&quot;}\">\n\t\t\t\t\t<div class=\"e-con-inner\">\n\t\t<div class=\"elementor-element elementor-element-0993a9d e-con-full e-flex e-con e-child\" data-id=\"0993a9d\" data-element_type=\"container\" data-e-type=\"container\">\n\t\t\t\t<div class=\"elementor-element elementor-element-77e1bc2 elementor-widget elementor-widget-heading\" data-id=\"77e1bc2\" data-element_type=\"widget\" data-e-type=\"widget\" data-widget_type=\"heading.default\">\n\t\t\t\t<div class=\"elementor-widget-container\">\n\t\t\t\t\t<p class=\"elementor-heading-title elementor-size-default\">New<\/p>\t\t\t\t<\/div>\n\t\t\t\t<\/div>\n\t\t\t\t<div class=\"elementor-element elementor-element-a1f99a7 elementor-widget elementor-widget-heading\" data-id=\"a1f99a7\" data-element_type=\"widget\" data-e-type=\"widget\" data-widget_type=\"heading.default\">\n\t\t\t\t<div class=\"elementor-widget-container\">\n\t\t\t\t\t<h2 class=\"elementor-heading-title elementor-size-default\">SANCTUARY IS<br>\n6 SPORTS CONCEPTS<br>\nWITHIN THE SAME APP<\/h2>\t\t\t\t<\/div>\n\t\t\t\t<\/div>\n\t\t\t\t<div class=\"elementor-element elementor-element-1d3670d elementor-widget elementor-widget-text-editor\" data-id=\"1d3670d\" data-element_type=\"widget\" data-e-type=\"widget\" data-widget_type=\"text-editor.default\">\n\t\t\t\t<div class=\"elementor-widget-container\">\n\t\t\t\t\t\t\t\t\t<p>Come and try sessions of: <strong>Aquacycling, Boxing &amp; Bootcamp, Yoga, Pilates, Barre, Dance Workout, Hiit &amp; Indoor cycling.<\/strong><\/p>\t\t\t\t\t\t\t\t<\/div>\n\t\t\t\t<\/div>\n\t\t\t\t<\/div>\n\t\t<div class=\"elementor-element elementor-element-7954fc0 e-con-full e-flex e-con e-child\" data-id=\"7954fc0\" data-element_type=\"container\" data-e-type=\"container\">\n\t\t\t\t<div class=\"elementor-element elementor-element-c05fac6 elementor-hidden-desktop elementor-widget elementor-widget-image\" data-id=\"c05fac6\" data-element_type=\"widget\" data-e-type=\"widget\" data-widget_type=\"image.default\">\n\t\t\t\t<div class=\"elementor-widget-container\">\n\t\t\t\t\t\t\t\t\t\t\t\t\t\t\t<img decoding=\"async\" width=\"715\" height=\"772\" src=\"https:\/\/www.drip-hiit.com\/wp-content\/uploads\/Group-1482.png\" class=\"attachment-large size-large wp-image-13113\" alt=\"Sanctuary brands\" srcset=\"https:\/\/www.drip-hiit.com\/wp-content\/uploads\/Group-1482.png 715w, https:\/\/www.drip-hiit.com\/wp-content\/uploads\/Group-1482-278x300.png 278w\" sizes=\"(max-width: 715px) 100vw, 715px\" \/>\t\t\t\t\t\t\t\t\t\t\t\t\t\t\t<\/div>\n\t\t\t\t<\/div>\n\t\t\t\t<\/div>\n\t\t\t\t\t<\/div>\n\t\t\t\t<\/div>\n\t\t\t\t<\/div>\n\t\t<div class=\"elementor-element elementor-element-c08840a e-flex e-con-boxed e-con e-parent\" data-id=\"c08840a\" data-element_type=\"container\" data-e-type=\"container\">\n\t\t\t\t\t<div class=\"e-con-inner\">\n\t\t<div class=\"elementor-element elementor-element-b4ce3a4 e-con-full e-flex e-con e-child\" data-id=\"b4ce3a4\" data-element_type=\"container\" data-e-type=\"container\" data-settings=\"{&quot;background_background&quot;:&quot;classic&quot;}\">\n\t\t<div class=\"elementor-element elementor-element-ad98aac e-flex e-con-boxed e-con e-child\" data-id=\"ad98aac\" data-element_type=\"container\" data-e-type=\"container\">\n\t\t\t\t\t<div class=\"e-con-inner\">\n\t\t\t\t<div class=\"elementor-element elementor-element-108a245 elementor-absolute elementor-hidden-mobile elementor-widget elementor-widget-image\" data-id=\"108a245\" data-element_type=\"widget\" data-e-type=\"widget\" data-settings=\"{&quot;_position&quot;:&quot;absolute&quot;}\" data-widget_type=\"image.default\">\n\t\t\t\t<div class=\"elementor-widget-container\">\n\t\t\t\t\t\t\t\t\t\t\t\t\t\t\t<img decoding=\"async\" width=\"800\" height=\"713\" src=\"https:\/\/www.drip-hiit.com\/wp-content\/uploads\/Group-1470-1024x912.png\" class=\"attachment-large size-large wp-image-13117\" alt=\"Sanctuary apps\" srcset=\"https:\/\/www.drip-hiit.com\/wp-content\/uploads\/Group-1470-1024x912.png 1024w, https:\/\/www.drip-hiit.com\/wp-content\/uploads\/Group-1470-300x267.png 300w, https:\/\/www.drip-hiit.com\/wp-content\/uploads\/Group-1470-768x684.png 768w, https:\/\/www.drip-hiit.com\/wp-content\/uploads\/Group-1470.png 1168w\" sizes=\"(max-width: 800px) 100vw, 800px\" \/>\t\t\t\t\t\t\t\t\t\t\t\t\t\t\t<\/div>\n\t\t\t\t<\/div>\n\t\t\t\t<div class=\"elementor-element elementor-element-5feb52e elementor-hidden-desktop elementor-hidden-tablet elementor-widget elementor-widget-image\" data-id=\"5feb52e\" data-element_type=\"widget\" data-e-type=\"widget\" data-widget_type=\"image.default\">\n\t\t\t\t<div class=\"elementor-widget-container\">\n\t\t\t\t\t\t\t\t\t\t\t\t\t\t\t<img decoding=\"async\" width=\"800\" height=\"713\" src=\"https:\/\/www.drip-hiit.com\/wp-content\/uploads\/Group-1470-1024x912.png\" class=\"attachment-large size-large wp-image-13117\" alt=\"Sanctuary apps\" srcset=\"https:\/\/www.drip-hiit.com\/wp-content\/uploads\/Group-1470-1024x912.png 1024w, https:\/\/www.drip-hiit.com\/wp-content\/uploads\/Group-1470-300x267.png 300w, https:\/\/www.drip-hiit.com\/wp-content\/uploads\/Group-1470-768x684.png 768w, https:\/\/www.drip-hiit.com\/wp-content\/uploads\/Group-1470.png 1168w\" sizes=\"(max-width: 800px) 100vw, 800px\" \/>\t\t\t\t\t\t\t\t\t\t\t\t\t\t\t<\/div>\n\t\t\t\t<\/div>\n\t\t\t\t\t<\/div>\n\t\t\t\t<\/div>\n\t\t<div class=\"elementor-element elementor-element-d2fd576 e-flex e-con-boxed e-con e-child\" data-id=\"d2fd576\" data-element_type=\"container\" data-e-type=\"container\">\n\t\t\t\t\t<div class=\"e-con-inner\">\n\t\t\t\t<div class=\"elementor-element elementor-element-07ba9ad elementor-widget elementor-widget-heading\" data-id=\"07ba9ad\" data-element_type=\"widget\" data-e-type=\"widget\" data-widget_type=\"heading.default\">\n\t\t\t\t<div class=\"elementor-widget-container\">\n\t\t\t\t\t<h2 class=\"elementor-heading-title elementor-size-default\">download our<br>\napplication<\/h2>\t\t\t\t<\/div>\n\t\t\t\t<\/div>\n\t\t\t\t<div class=\"elementor-element elementor-element-0c437c7 elementor-widget__width-initial elementor-widget-tablet__width-inherit elementor-widget-mobile__width-inherit elementor-widget elementor-widget-text-editor\" data-id=\"0c437c7\" data-element_type=\"widget\" data-e-type=\"widget\" data-widget_type=\"text-editor.default\">\n\t\t\t\t<div class=\"elementor-widget-container\">\n\t\t\t\t\t\t\t\t\t<p>And enjoy a diversified well-being routine within our urban sanctuaries.<\/p>\t\t\t\t\t\t\t\t<\/div>\n\t\t\t\t<\/div>\n\t\t<div class=\"elementor-element elementor-element-3d6bbaf e-con-full e-flex e-con e-child\" data-id=\"3d6bbaf\" data-element_type=\"container\" data-e-type=\"container\">\n\t\t\t\t<div class=\"elementor-element elementor-element-ce877d0 elementor-widget-mobile__width-initial elementor-widget elementor-widget-image\" data-id=\"ce877d0\" data-element_type=\"widget\" data-e-type=\"widget\" data-widget_type=\"image.default\">\n\t\t\t\t<div class=\"elementor-widget-container\">\n\t\t\t\t\t\t\t\t\t\t\t\t\t\t\t\t<a href=\"https:\/\/apps.apple.com\/us\/app\/the-sanctuary-pass\/id6477883519\" target=\"_blank\">\n\t\t\t\t\t\t\t<img loading=\"lazy\" decoding=\"async\" width=\"1\" height=\"1\" src=\"https:\/\/www.drip-hiit.com\/wp-content\/uploads\/appstore.svg\" class=\"attachment-large size-large wp-image-13005\" alt=\"Download on App Store\" \/>\t\t\t\t\t\t\t\t<\/a>\n\t\t\t\t\t\t\t\t\t\t\t\t\t\t\t<\/div>\n\t\t\t\t<\/div>\n\t\t\t\t<div class=\"elementor-element elementor-element-35b1fd7 elementor-widget-mobile__width-initial elementor-widget elementor-widget-image\" data-id=\"35b1fd7\" data-element_type=\"widget\" data-e-type=\"widget\" data-widget_type=\"image.default\">\n\t\t\t\t<div class=\"elementor-widget-container\">\n\t\t\t\t\t\t\t\t\t\t\t\t\t\t\t\t<a href=\"https:\/\/play.google.com\/store\/apps\/details?id=com.bsport_92_2073\" target=\"_blank\">\n\t\t\t\t\t\t\t<img loading=\"lazy\" decoding=\"async\" width=\"1\" height=\"1\" src=\"https:\/\/www.drip-hiit.com\/wp-content\/uploads\/playstore.svg\" class=\"attachment-large size-large wp-image-13004\" alt=\"Download on Google Play\" \/>\t\t\t\t\t\t\t\t<\/a>\n\t\t\t\t\t\t\t\t\t\t\t\t\t\t\t<\/div>\n\t\t\t\t<\/div>\n\t\t\t\t<\/div>\n\t\t\t\t\t<\/div>\n\t\t\t\t<\/div>\n\t\t\t\t<\/div>\n\t\t\t\t\t<\/div>\n\t\t\t\t<\/div>\n\t\t\t\t<\/div>","protected":false},"excerpt":{"rendered":"<p>SANCTUARY Vous nous l\u2019aviez demand\u00e9. Nous l\u2019avons fait : les\u00a06 concepts\u00a0de Sanctuary s\u2019unissent pour vous offrir une exp\u00e9rience immersive unique. D\u00e9couvrez tous nos sanctuaires urbains d\u00e9di\u00e9s au sport plaisir,\u00a0o\u00f9 l\u00e2cher-prise est notre credo. Gr\u00e2ce \u00e0 notre application, r\u00e9servez en quelques clics vos sessions dans nos 15 studios et vivez une routine bien-\u00eatre vari\u00e9e selon vos [&hellip;]<\/p>\n","protected":false},"author":2,"featured_media":0,"parent":0,"menu_order":0,"comment_status":"closed","ping_status":"closed","template":"","meta":{"_acf_changed":false,"footnotes":""},"class_list":["post-13108","page","type-page","status-publish","hentry"],"acf":[],"yoast_head":"<!-- This site is optimized with the Yoast SEO plugin v27.4 - https:\/\/yoast.com\/product\/yoast-seo-wordpress\/ -->\n<title>Sanctuary - DRIP HIIT Paris<\/title>\n<meta name=\"description\" content=\"Gr\u00e2ce \u00e0 notre application, r\u00e9servez en quelques clics vos sessions dans nos 14 studios et vivez une routine bien-\u00eatre vari\u00e9e.\" \/>\n<meta name=\"robots\" content=\"index, follow, max-snippet:-1, max-image-preview:large, max-video-preview:-1\" \/>\n<link rel=\"canonical\" href=\"https:\/\/www.drip-hiit.com\/en\/discover-sanctuary\/\" \/>\n<meta property=\"og:locale\" content=\"en_GB\" \/>\n<meta property=\"og:type\" content=\"article\" \/>\n<meta property=\"og:title\" content=\"Sanctuary - DRIP HIIT Paris\" \/>\n<meta property=\"og:description\" content=\"Gr\u00e2ce \u00e0 notre application, r\u00e9servez en quelques clics vos sessions dans nos 14 studios et vivez une routine bien-\u00eatre vari\u00e9e.\" \/>\n<meta property=\"og:url\" content=\"https:\/\/www.drip-hiit.com\/en\/discover-sanctuary\/\" \/>\n<meta property=\"og:site_name\" content=\"Cours de HIIT Paris - Salle de fitness bootcamp \u00e0 Paris - DRIP\" \/>\n<meta property=\"article:modified_time\" content=\"2025-05-05T08:58:51+00:00\" \/>\n<meta property=\"og:image\" content=\"https:\/\/www.drip-hiit.com\/wp-content\/uploads\/Group-1481.png\" \/>\n\t<meta property=\"og:image:width\" content=\"1620\" \/>\n\t<meta property=\"og:image:height\" content=\"864\" \/>\n\t<meta property=\"og:image:type\" content=\"image\/png\" \/>\n<meta name=\"twitter:card\" content=\"summary_large_image\" \/>\n<meta name=\"twitter:label1\" content=\"Estimated reading time\" \/>\n\t<meta name=\"twitter:data1\" content=\"2 minutes\" \/>\n<script type=\"application\/ld+json\" class=\"yoast-schema-graph\">{\"@context\":\"https:\\\/\\\/schema.org\",\"@graph\":[{\"@type\":\"WebPage\",\"@id\":\"https:\\\/\\\/www.drip-hiit.com\\\/decouvrez-sanctuary\\\/\",\"url\":\"https:\\\/\\\/www.drip-hiit.com\\\/decouvrez-sanctuary\\\/\",\"name\":\"Sanctuary - DRIP HIIT Paris\",\"isPartOf\":{\"@id\":\"https:\\\/\\\/www.drip-hiit.com\\\/#website\"},\"primaryImageOfPage\":{\"@id\":\"https:\\\/\\\/www.drip-hiit.com\\\/decouvrez-sanctuary\\\/#primaryimage\"},\"image\":{\"@id\":\"https:\\\/\\\/www.drip-hiit.com\\\/decouvrez-sanctuary\\\/#primaryimage\"},\"thumbnailUrl\":\"https:\\\/\\\/www.drip-hiit.com\\\/wp-content\\\/uploads\\\/Group-1481-1024x546.png\",\"datePublished\":\"2024-06-03T15:29:48+00:00\",\"dateModified\":\"2025-05-05T08:58:51+00:00\",\"description\":\"Gr\u00e2ce \u00e0 notre application, r\u00e9servez en quelques clics vos sessions dans nos 14 studios et vivez une routine bien-\u00eatre vari\u00e9e.\",\"breadcrumb\":{\"@id\":\"https:\\\/\\\/www.drip-hiit.com\\\/decouvrez-sanctuary\\\/#breadcrumb\"},\"inLanguage\":\"en-GB\",\"potentialAction\":[{\"@type\":\"ReadAction\",\"target\":[\"https:\\\/\\\/www.drip-hiit.com\\\/decouvrez-sanctuary\\\/\"]}]},{\"@type\":\"ImageObject\",\"inLanguage\":\"en-GB\",\"@id\":\"https:\\\/\\\/www.drip-hiit.com\\\/decouvrez-sanctuary\\\/#primaryimage\",\"url\":\"https:\\\/\\\/www.drip-hiit.com\\\/wp-content\\\/uploads\\\/Group-1481-1024x546.png\",\"contentUrl\":\"https:\\\/\\\/www.drip-hiit.com\\\/wp-content\\\/uploads\\\/Group-1481-1024x546.png\"},{\"@type\":\"BreadcrumbList\",\"@id\":\"https:\\\/\\\/www.drip-hiit.com\\\/decouvrez-sanctuary\\\/#breadcrumb\",\"itemListElement\":[{\"@type\":\"ListItem\",\"position\":1,\"name\":\"Accueil\",\"item\":\"https:\\\/\\\/www.drip-hiit.com\\\/\"},{\"@type\":\"ListItem\",\"position\":2,\"name\":\"Sanctuary\"}]},{\"@type\":\"WebSite\",\"@id\":\"https:\\\/\\\/www.drip-hiit.com\\\/#website\",\"url\":\"https:\\\/\\\/www.drip-hiit.com\\\/\",\"name\":\"Drip HIIT Paris\",\"description\":\"\",\"publisher\":{\"@id\":\"https:\\\/\\\/www.drip-hiit.com\\\/#organization\"},\"potentialAction\":[{\"@type\":\"SearchAction\",\"target\":{\"@type\":\"EntryPoint\",\"urlTemplate\":\"https:\\\/\\\/www.drip-hiit.com\\\/?s={search_term_string}\"},\"query-input\":{\"@type\":\"PropertyValueSpecification\",\"valueRequired\":true,\"valueName\":\"search_term_string\"}}],\"inLanguage\":\"en-GB\"},{\"@type\":\"Organization\",\"@id\":\"https:\\\/\\\/www.drip-hiit.com\\\/#organization\",\"name\":\"Drip HIIT Paris\",\"url\":\"https:\\\/\\\/www.drip-hiit.com\\\/\",\"logo\":{\"@type\":\"ImageObject\",\"inLanguage\":\"en-GB\",\"@id\":\"https:\\\/\\\/www.drip-hiit.com\\\/#\\\/schema\\\/logo\\\/image\\\/\",\"url\":\"https:\\\/\\\/www.drip-hiit.com\\\/wp-content\\\/uploads\\\/drip-bleu.svg\",\"contentUrl\":\"https:\\\/\\\/www.drip-hiit.com\\\/wp-content\\\/uploads\\\/drip-bleu.svg\",\"width\":1,\"height\":1,\"caption\":\"Drip HIIT Paris\"},\"image\":{\"@id\":\"https:\\\/\\\/www.drip-hiit.com\\\/#\\\/schema\\\/logo\\\/image\\\/\"},\"sameAs\":[\"https:\\\/\\\/www.instagram.com\\\/drip__hiit\\\/?hl=fr\"]}]}<\/script>\n<!-- \/ Yoast SEO plugin. -->","yoast_head_json":{"title":"Sanctuary - DRIP HIIT Paris","description":"Use our app to book sessions in our 14 studios in just a few clicks and enjoy a varied wellness routine.","robots":{"index":"index","follow":"follow","max-snippet":"max-snippet:-1","max-image-preview":"max-image-preview:large","max-video-preview":"max-video-preview:-1"},"canonical":"https:\/\/www.drip-hiit.com\/en\/discover-sanctuary\/","og_locale":"en_GB","og_type":"article","og_title":"Sanctuary - DRIP HIIT Paris","og_description":"Gr\u00e2ce \u00e0 notre application, r\u00e9servez en quelques clics vos sessions dans nos 14 studios et vivez une routine bien-\u00eatre vari\u00e9e.","og_url":"https:\/\/www.drip-hiit.com\/en\/discover-sanctuary\/","og_site_name":"Cours de HIIT Paris - Salle de fitness bootcamp \u00e0 Paris - DRIP","article_modified_time":"2025-05-05T08:58:51+00:00","og_image":[{"width":1620,"height":864,"url":"https:\/\/www.drip-hiit.com\/wp-content\/uploads\/Group-1481.png","type":"image\/png"}],"twitter_card":"summary_large_image","twitter_misc":{"Estimated reading time":"2 minutes"},"schema":{"@context":"https:\/\/schema.org","@graph":[{"@type":"WebPage","@id":"https:\/\/www.drip-hiit.com\/decouvrez-sanctuary\/","url":"https:\/\/www.drip-hiit.com\/decouvrez-sanctuary\/","name":"Sanctuary - DRIP HIIT Paris","isPartOf":{"@id":"https:\/\/www.drip-hiit.com\/#website"},"primaryImageOfPage":{"@id":"https:\/\/www.drip-hiit.com\/decouvrez-sanctuary\/#primaryimage"},"image":{"@id":"https:\/\/www.drip-hiit.com\/decouvrez-sanctuary\/#primaryimage"},"thumbnailUrl":"https:\/\/www.drip-hiit.com\/wp-content\/uploads\/Group-1481-1024x546.png","datePublished":"2024-06-03T15:29:48+00:00","dateModified":"2025-05-05T08:58:51+00:00","description":"Use our app to book sessions in our 14 studios in just a few clicks and enjoy a varied wellness routine.","breadcrumb":{"@id":"https:\/\/www.drip-hiit.com\/decouvrez-sanctuary\/#breadcrumb"},"inLanguage":"en-GB","potentialAction":[{"@type":"ReadAction","target":["https:\/\/www.drip-hiit.com\/decouvrez-sanctuary\/"]}]},{"@type":"ImageObject","inLanguage":"en-GB","@id":"https:\/\/www.drip-hiit.com\/decouvrez-sanctuary\/#primaryimage","url":"https:\/\/www.drip-hiit.com\/wp-content\/uploads\/Group-1481-1024x546.png","contentUrl":"https:\/\/www.drip-hiit.com\/wp-content\/uploads\/Group-1481-1024x546.png"},{"@type":"BreadcrumbList","@id":"https:\/\/www.drip-hiit.com\/decouvrez-sanctuary\/#breadcrumb","itemListElement":[{"@type":"ListItem","position":1,"name":"Accueil","item":"https:\/\/www.drip-hiit.com\/"},{"@type":"ListItem","position":2,"name":"Sanctuary"}]},{"@type":"WebSite","@id":"https:\/\/www.drip-hiit.com\/#website","url":"https:\/\/www.drip-hiit.com\/","name":"Drip HIIT Paris","description":"","publisher":{"@id":"https:\/\/www.drip-hiit.com\/#organization"},"potentialAction":[{"@type":"SearchAction","target":{"@type":"EntryPoint","urlTemplate":"https:\/\/www.drip-hiit.com\/?s={search_term_string}"},"query-input":{"@type":"PropertyValueSpecification","valueRequired":true,"valueName":"search_term_string"}}],"inLanguage":"en-GB"},{"@type":"Organization","@id":"https:\/\/www.drip-hiit.com\/#organization","name":"Drip HIIT Paris","url":"https:\/\/www.drip-hiit.com\/","logo":{"@type":"ImageObject","inLanguage":"en-GB","@id":"https:\/\/www.drip-hiit.com\/#\/schema\/logo\/image\/","url":"https:\/\/www.drip-hiit.com\/wp-content\/uploads\/drip-bleu.svg","contentUrl":"https:\/\/www.drip-hiit.com\/wp-content\/uploads\/drip-bleu.svg","width":1,"height":1,"caption":"Drip HIIT Paris"},"image":{"@id":"https:\/\/www.drip-hiit.com\/#\/schema\/logo\/image\/"},"sameAs":["https:\/\/www.instagram.com\/drip__hiit\/?hl=fr"]}]}},"jetpack_sharing_enabled":true,"publishpress_future_action":{"enabled":false,"date":"2026-04-23 12:53:29","action":"change-status","newStatus":"draft","terms":[],"taxonomy":"","extraData":[]},"publishpress_future_workflow_manual_trigger":{"enabledWorkflows":[]},"_links":{"self":[{"href":"https:\/\/www.drip-hiit.com\/en\/wp-json\/wp\/v2\/pages\/13108","targetHints":{"allow":["GET"]}}],"collection":[{"href":"https:\/\/www.drip-hiit.com\/en\/wp-json\/wp\/v2\/pages"}],"about":[{"href":"https:\/\/www.drip-hiit.com\/en\/wp-json\/wp\/v2\/types\/page"}],"author":[{"embeddable":true,"href":"https:\/\/www.drip-hiit.com\/en\/wp-json\/wp\/v2\/users\/2"}],"replies":[{"embeddable":true,"href":"https:\/\/www.drip-hiit.com\/en\/wp-json\/wp\/v2\/comments?post=13108"}],"version-history":[{"count":3,"href":"https:\/\/www.drip-hiit.com\/en\/wp-json\/wp\/v2\/pages\/13108\/revisions"}],"predecessor-version":[{"id":16976,"href":"https:\/\/www.drip-hiit.com\/en\/wp-json\/wp\/v2\/pages\/13108\/revisions\/16976"}],"wp:attachment":[{"href":"https:\/\/www.drip-hiit.com\/en\/wp-json\/wp\/v2\/media?parent=13108"}],"curies":[{"name":"wp","href":"https:\/\/api.w.org\/{rel}","templated":true}]}}