{"id":12951,"date":"2024-05-28T17:21:49","date_gmt":"2024-05-28T15:21:49","guid":{"rendered":"https:\/\/www.drip-hiit.com\/?page_id=12951"},"modified":"2024-10-02T17:52:37","modified_gmt":"2024-10-02T15:52:37","slug":"26-credit-subscription-1-year-commitment","status":"publish","type":"page","link":"https:\/\/www.drip-hiit.com\/en\/26-credit-subscription-1-year-commitment\/","title":{"rendered":"Subscription \u2013 26 credits \u2013 1 year commitment"},"content":{"rendered":"<div data-elementor-type=\"wp-page\" data-elementor-id=\"12951\" class=\"elementor elementor-12951\" data-elementor-post-type=\"page\">\n\t\t\t\t\t\t<section class=\"elementor-section elementor-top-section elementor-element elementor-element-ebccfb1 elementor-section-boxed elementor-section-height-default elementor-section-height-default\" data-id=\"ebccfb1\" data-element_type=\"section\" data-e-type=\"section\" data-settings=\"{&quot;background_background&quot;:&quot;classic&quot;}\">\n\t\t\t\t\t\t<div class=\"elementor-container elementor-column-gap-default\">\n\t\t\t\t\t<div class=\"elementor-column elementor-col-100 elementor-top-column elementor-element elementor-element-03e2b98\" data-id=\"03e2b98\" data-element_type=\"column\" data-e-type=\"column\">\n\t\t\t<div class=\"elementor-widget-wrap elementor-element-populated\">\n\t\t\t\t\t\t<div class=\"elementor-element elementor-element-e28e6a1 elementor-widget elementor-widget-heading\" data-id=\"e28e6a1\" data-element_type=\"widget\" data-e-type=\"widget\" data-widget_type=\"heading.default\">\n\t\t\t\t<div class=\"elementor-widget-container\">\n\t\t\t\t\t<h1 class=\"elementor-heading-title elementor-size-default\">book<\/h1>\t\t\t\t<\/div>\n\t\t\t\t<\/div>\n\t\t\t\t<div class=\"elementor-element elementor-element-c2e56c4 elementor-widget elementor-widget-heading\" data-id=\"c2e56c4\" data-element_type=\"widget\" data-e-type=\"widget\" data-widget_type=\"heading.default\">\n\t\t\t\t<div class=\"elementor-widget-container\">\n\t\t\t\t\t<h2 class=\"elementor-heading-title elementor-size-default\">26 credits \/ week - 1 year commitment\n<\/h2>\t\t\t\t<\/div>\n\t\t\t\t<\/div>\n\t\t\t\t<div class=\"elementor-element elementor-element-c0c93dc elementor-widget elementor-widget-text-editor\" data-id=\"c0c93dc\" data-element_type=\"widget\" data-e-type=\"widget\" data-widget_type=\"text-editor.default\">\n\t\t\t\t<div class=\"elementor-widget-container\">\n\t\t\t\t\t\t\t\t\t<ul><li>Weekly withdrawal, automatically renewed every 7 days.<\/li><li>1 year commitment.<\/li><li>Credits valid for 4 weeks.<\/li><li>Usable in all Sanctuary concepts.<\/li><li>After the commitment period, the subscription is renewed monthly by tacit agreement and can be cancelled at any time.<\/li><\/ul>\t\t\t\t\t\t\t\t<\/div>\n\t\t\t\t<\/div>\n\t\t\t\t<div class=\"elementor-element elementor-element-c632f14 btn-mobile elementor-align-center elementor-widget elementor-widget-button\" data-id=\"c632f14\" data-element_type=\"widget\" data-e-type=\"widget\" data-widget_type=\"button.default\">\n\t\t\t\t<div class=\"elementor-widget-container\">\n\t\t\t\t\t\t\t\t\t<div class=\"elementor-button-wrapper\">\n\t\t\t\t\t<a class=\"elementor-button elementor-button-link elementor-size-sm\" href=\"https:\/\/backoffice.bsport.io\/checkout\/2441\/subscription\/16793?force=true\">\n\t\t\t\t\t\t<span class=\"elementor-button-content-wrapper\">\n\t\t\t\t\t\t\t\t\t<span class=\"elementor-button-text\">SUBSCRIBE<\/span>\n\t\t\t\t\t<\/span>\n\t\t\t\t\t<\/a>\n\t\t\t\t<\/div>\n\t\t\t\t\t\t\t\t<\/div>\n\t\t\t\t<\/div>\n\t\t\t\t\t<\/div>\n\t\t<\/div>\n\t\t\t\t\t<\/div>\n\t\t<\/section>\n\t\t\t\t<\/div>","protected":false},"excerpt":{"rendered":"<p>R\u00e9server 26 cr\u00e9dits \/ semaine &#8211; Engagement 1 an Pr\u00e9l\u00e8vement hebdomadaire, renouvel\u00e9 automatiquement tous les 7 jours. Engagement 1 an. Cr\u00e9dits valables 4 semaines. Utilisable dans tous les concepts Sanctuary. Suite \u00e0 la p\u00e9riode d\u2019engagement, l&rsquo;abonnement est reconduit mensuellement par tacite reconduction et est r\u00e9siliable \u00e0 tout moment. JE M&rsquo;ABONNE<\/p>","protected":false},"author":4,"featured_media":8703,"parent":0,"menu_order":0,"comment_status":"closed","ping_status":"closed","template":"","meta":{"_acf_changed":false,"footnotes":""},"class_list":["post-12951","page","type-page","status-publish","has-post-thumbnail","hentry"],"acf":[],"yoast_head":"<!-- This site is optimized with the Yoast SEO plugin v27.5 - https:\/\/yoast.com\/product\/yoast-seo-wordpress\/ -->\n<title>Abonnement - 26 cr\u00e9dits - Engagement 1 an - DRIP HIIT Paris<\/title>\n<meta name=\"description\" content=\"Abonnement de 26 cr\u00e9dits, utilisables dans les diff\u00e9rents studios Sanctuary. Les cr\u00e9dits sont valables pour une dur\u00e9e de 4 semaines.\" \/>\n<meta name=\"robots\" content=\"index, follow, max-snippet:-1, max-image-preview:large, max-video-preview:-1\" \/>\n<link rel=\"canonical\" href=\"https:\/\/www.drip-hiit.com\/en\/26-credit-subscription-1-year-commitment\/\" \/>\n<meta property=\"og:locale\" content=\"en_GB\" \/>\n<meta property=\"og:type\" content=\"article\" \/>\n<meta property=\"og:title\" content=\"Abonnement - 26 cr\u00e9dits - Engagement 1 an - DRIP HIIT Paris\" \/>\n<meta property=\"og:description\" content=\"Abonnement de 26 cr\u00e9dits, utilisables dans les diff\u00e9rents studios Sanctuary. Les cr\u00e9dits sont valables pour une dur\u00e9e de 4 semaines.\" \/>\n<meta property=\"og:url\" content=\"https:\/\/www.drip-hiit.com\/en\/26-credit-subscription-1-year-commitment\/\" \/>\n<meta property=\"og:site_name\" content=\"Cours de HIIT Paris - Salle de fitness bootcamp \u00e0 Paris - DRIP\" \/>\n<meta property=\"article:modified_time\" content=\"2024-10-02T15:52:37+00:00\" \/>\n<meta property=\"og:image\" content=\"https:\/\/www.drip-hiit.com\/wp-content\/uploads\/Mentions-legales.png\" \/>\n\t<meta property=\"og:image:width\" content=\"600\" \/>\n\t<meta property=\"og:image:height\" content=\"600\" \/>\n\t<meta property=\"og:image:type\" content=\"image\/png\" \/>\n<meta name=\"twitter:card\" content=\"summary_large_image\" \/>\n<meta name=\"twitter:label1\" content=\"Estimated reading time\" \/>\n\t<meta name=\"twitter:data1\" content=\"1 minute\" \/>\n<script type=\"application\/ld+json\" class=\"yoast-schema-graph\">{\"@context\":\"https:\\\/\\\/schema.org\",\"@graph\":[{\"@type\":\"WebPage\",\"@id\":\"https:\\\/\\\/www.drip-hiit.com\\\/abonnement-26-credits-engagement-1-an\\\/\",\"url\":\"https:\\\/\\\/www.drip-hiit.com\\\/abonnement-26-credits-engagement-1-an\\\/\",\"name\":\"Abonnement - 26 cr\u00e9dits - Engagement 1 an - DRIP HIIT Paris\",\"isPartOf\":{\"@id\":\"https:\\\/\\\/www.drip-hiit.com\\\/#website\"},\"primaryImageOfPage\":{\"@id\":\"https:\\\/\\\/www.drip-hiit.com\\\/abonnement-26-credits-engagement-1-an\\\/#primaryimage\"},\"image\":{\"@id\":\"https:\\\/\\\/www.drip-hiit.com\\\/abonnement-26-credits-engagement-1-an\\\/#primaryimage\"},\"thumbnailUrl\":\"https:\\\/\\\/www.drip-hiit.com\\\/wp-content\\\/uploads\\\/Mentions-legales.png\",\"datePublished\":\"2024-05-28T15:21:49+00:00\",\"dateModified\":\"2024-10-02T15:52:37+00:00\",\"description\":\"Abonnement de 26 cr\u00e9dits, utilisables dans les diff\u00e9rents studios Sanctuary. Les cr\u00e9dits sont valables pour une dur\u00e9e de 4 semaines.\",\"breadcrumb\":{\"@id\":\"https:\\\/\\\/www.drip-hiit.com\\\/abonnement-26-credits-engagement-1-an\\\/#breadcrumb\"},\"inLanguage\":\"en-GB\",\"potentialAction\":[{\"@type\":\"ReadAction\",\"target\":[\"https:\\\/\\\/www.drip-hiit.com\\\/abonnement-26-credits-engagement-1-an\\\/\"]}]},{\"@type\":\"ImageObject\",\"inLanguage\":\"en-GB\",\"@id\":\"https:\\\/\\\/www.drip-hiit.com\\\/abonnement-26-credits-engagement-1-an\\\/#primaryimage\",\"url\":\"https:\\\/\\\/www.drip-hiit.com\\\/wp-content\\\/uploads\\\/Mentions-legales.png\",\"contentUrl\":\"https:\\\/\\\/www.drip-hiit.com\\\/wp-content\\\/uploads\\\/Mentions-legales.png\",\"width\":600,\"height\":600},{\"@type\":\"BreadcrumbList\",\"@id\":\"https:\\\/\\\/www.drip-hiit.com\\\/abonnement-26-credits-engagement-1-an\\\/#breadcrumb\",\"itemListElement\":[{\"@type\":\"ListItem\",\"position\":1,\"name\":\"Accueil\",\"item\":\"https:\\\/\\\/www.drip-hiit.com\\\/\"},{\"@type\":\"ListItem\",\"position\":2,\"name\":\"Abonnement &#8211; 26 cr\u00e9dits &#8211; Engagement 1 an\"}]},{\"@type\":\"WebSite\",\"@id\":\"https:\\\/\\\/www.drip-hiit.com\\\/#website\",\"url\":\"https:\\\/\\\/www.drip-hiit.com\\\/\",\"name\":\"Drip HIIT Paris\",\"description\":\"\",\"publisher\":{\"@id\":\"https:\\\/\\\/www.drip-hiit.com\\\/#organization\"},\"potentialAction\":[{\"@type\":\"SearchAction\",\"target\":{\"@type\":\"EntryPoint\",\"urlTemplate\":\"https:\\\/\\\/www.drip-hiit.com\\\/?s={search_term_string}\"},\"query-input\":{\"@type\":\"PropertyValueSpecification\",\"valueRequired\":true,\"valueName\":\"search_term_string\"}}],\"inLanguage\":\"en-GB\"},{\"@type\":\"Organization\",\"@id\":\"https:\\\/\\\/www.drip-hiit.com\\\/#organization\",\"name\":\"Drip HIIT Paris\",\"url\":\"https:\\\/\\\/www.drip-hiit.com\\\/\",\"logo\":{\"@type\":\"ImageObject\",\"inLanguage\":\"en-GB\",\"@id\":\"https:\\\/\\\/www.drip-hiit.com\\\/#\\\/schema\\\/logo\\\/image\\\/\",\"url\":\"https:\\\/\\\/www.drip-hiit.com\\\/wp-content\\\/uploads\\\/drip-bleu.svg\",\"contentUrl\":\"https:\\\/\\\/www.drip-hiit.com\\\/wp-content\\\/uploads\\\/drip-bleu.svg\",\"width\":1,\"height\":1,\"caption\":\"Drip HIIT Paris\"},\"image\":{\"@id\":\"https:\\\/\\\/www.drip-hiit.com\\\/#\\\/schema\\\/logo\\\/image\\\/\"},\"sameAs\":[\"https:\\\/\\\/www.instagram.com\\\/drip__hiit\\\/?hl=fr\"]}]}<\/script>\n<!-- \/ Yoast SEO plugin. -->","yoast_head_json":{"title":"Subscription - 26 credits - 1 year commitment - DRIP HIIT Paris","description":"Subscription of 26 credits, usable in the various Sanctuary studios. Credits are valid for 4 weeks.","robots":{"index":"index","follow":"follow","max-snippet":"max-snippet:-1","max-image-preview":"max-image-preview:large","max-video-preview":"max-video-preview:-1"},"canonical":"https:\/\/www.drip-hiit.com\/en\/26-credit-subscription-1-year-commitment\/","og_locale":"en_GB","og_type":"article","og_title":"Abonnement - 26 cr\u00e9dits - Engagement 1 an - DRIP HIIT Paris","og_description":"Abonnement de 26 cr\u00e9dits, utilisables dans les diff\u00e9rents studios Sanctuary. Les cr\u00e9dits sont valables pour une dur\u00e9e de 4 semaines.","og_url":"https:\/\/www.drip-hiit.com\/en\/26-credit-subscription-1-year-commitment\/","og_site_name":"Cours de HIIT Paris - Salle de fitness bootcamp \u00e0 Paris - DRIP","article_modified_time":"2024-10-02T15:52:37+00:00","og_image":[{"width":600,"height":600,"url":"https:\/\/www.drip-hiit.com\/wp-content\/uploads\/Mentions-legales.png","type":"image\/png"}],"twitter_card":"summary_large_image","twitter_misc":{"Estimated reading time":"1 minute"},"schema":{"@context":"https:\/\/schema.org","@graph":[{"@type":"WebPage","@id":"https:\/\/www.drip-hiit.com\/abonnement-26-credits-engagement-1-an\/","url":"https:\/\/www.drip-hiit.com\/abonnement-26-credits-engagement-1-an\/","name":"Subscription - 26 credits - 1 year commitment - DRIP HIIT Paris","isPartOf":{"@id":"https:\/\/www.drip-hiit.com\/#website"},"primaryImageOfPage":{"@id":"https:\/\/www.drip-hiit.com\/abonnement-26-credits-engagement-1-an\/#primaryimage"},"image":{"@id":"https:\/\/www.drip-hiit.com\/abonnement-26-credits-engagement-1-an\/#primaryimage"},"thumbnailUrl":"https:\/\/www.drip-hiit.com\/wp-content\/uploads\/Mentions-legales.png","datePublished":"2024-05-28T15:21:49+00:00","dateModified":"2024-10-02T15:52:37+00:00","description":"Subscription of 26 credits, usable in the various Sanctuary studios. Credits are valid for 4 weeks.","breadcrumb":{"@id":"https:\/\/www.drip-hiit.com\/abonnement-26-credits-engagement-1-an\/#breadcrumb"},"inLanguage":"en-GB","potentialAction":[{"@type":"ReadAction","target":["https:\/\/www.drip-hiit.com\/abonnement-26-credits-engagement-1-an\/"]}]},{"@type":"ImageObject","inLanguage":"en-GB","@id":"https:\/\/www.drip-hiit.com\/abonnement-26-credits-engagement-1-an\/#primaryimage","url":"https:\/\/www.drip-hiit.com\/wp-content\/uploads\/Mentions-legales.png","contentUrl":"https:\/\/www.drip-hiit.com\/wp-content\/uploads\/Mentions-legales.png","width":600,"height":600},{"@type":"BreadcrumbList","@id":"https:\/\/www.drip-hiit.com\/abonnement-26-credits-engagement-1-an\/#breadcrumb","itemListElement":[{"@type":"ListItem","position":1,"name":"Accueil","item":"https:\/\/www.drip-hiit.com\/"},{"@type":"ListItem","position":2,"name":"Abonnement &#8211; 26 cr\u00e9dits &#8211; Engagement 1 an"}]},{"@type":"WebSite","@id":"https:\/\/www.drip-hiit.com\/#website","url":"https:\/\/www.drip-hiit.com\/","name":"Drip HIIT Paris","description":"","publisher":{"@id":"https:\/\/www.drip-hiit.com\/#organization"},"potentialAction":[{"@type":"SearchAction","target":{"@type":"EntryPoint","urlTemplate":"https:\/\/www.drip-hiit.com\/?s={search_term_string}"},"query-input":{"@type":"PropertyValueSpecification","valueRequired":true,"valueName":"search_term_string"}}],"inLanguage":"en-GB"},{"@type":"Organization","@id":"https:\/\/www.drip-hiit.com\/#organization","name":"Drip HIIT Paris","url":"https:\/\/www.drip-hiit.com\/","logo":{"@type":"ImageObject","inLanguage":"en-GB","@id":"https:\/\/www.drip-hiit.com\/#\/schema\/logo\/image\/","url":"https:\/\/www.drip-hiit.com\/wp-content\/uploads\/drip-bleu.svg","contentUrl":"https:\/\/www.drip-hiit.com\/wp-content\/uploads\/drip-bleu.svg","width":1,"height":1,"caption":"Drip HIIT Paris"},"image":{"@id":"https:\/\/www.drip-hiit.com\/#\/schema\/logo\/image\/"},"sameAs":["https:\/\/www.instagram.com\/drip__hiit\/?hl=fr"]}]}},"jetpack_sharing_enabled":true,"publishpress_future_action":{"enabled":false,"date":"2026-05-09 06:01:42","action":"change-status","newStatus":"draft","terms":[],"taxonomy":"","extraData":[]},"publishpress_future_workflow_manual_trigger":{"enabledWorkflows":[]},"_links":{"self":[{"href":"https:\/\/www.drip-hiit.com\/en\/wp-json\/wp\/v2\/pages\/12951","targetHints":{"allow":["GET"]}}],"collection":[{"href":"https:\/\/www.drip-hiit.com\/en\/wp-json\/wp\/v2\/pages"}],"about":[{"href":"https:\/\/www.drip-hiit.com\/en\/wp-json\/wp\/v2\/types\/page"}],"author":[{"embeddable":true,"href":"https:\/\/www.drip-hiit.com\/en\/wp-json\/wp\/v2\/users\/4"}],"replies":[{"embeddable":true,"href":"https:\/\/www.drip-hiit.com\/en\/wp-json\/wp\/v2\/comments?post=12951"}],"version-history":[{"count":3,"href":"https:\/\/www.drip-hiit.com\/en\/wp-json\/wp\/v2\/pages\/12951\/revisions"}],"predecessor-version":[{"id":13845,"href":"https:\/\/www.drip-hiit.com\/en\/wp-json\/wp\/v2\/pages\/12951\/revisions\/13845"}],"wp:featuredmedia":[{"embeddable":true,"href":"https:\/\/www.drip-hiit.com\/en\/wp-json\/wp\/v2\/media\/8703"}],"wp:attachment":[{"href":"https:\/\/www.drip-hiit.com\/en\/wp-json\/wp\/v2\/media?parent=12951"}],"curies":[{"name":"wp","href":"https:\/\/api.w.org\/{rel}","templated":true}]}}