{"id":11525,"date":"2024-04-03T17:27:00","date_gmt":"2024-04-03T15:27:00","guid":{"rendered":"https:\/\/www.drip-hiit.com\/?page_id=11525"},"modified":"2024-10-02T17:11:44","modified_gmt":"2024-10-02T15:11:44","slug":"planning-adrien","status":"publish","type":"page","link":"https:\/\/www.drip-hiit.com\/en\/coaches\/adrien\/planning-adrien\/","title":{"rendered":"Book a session with Adrien"},"content":{"rendered":"\t\t<div data-elementor-type=\"wp-page\" data-elementor-id=\"11525\" class=\"elementor elementor-11525\" data-elementor-post-type=\"page\">\n\t\t\t\t\t\t<section class=\"elementor-section elementor-top-section elementor-element elementor-element-7ef44246 elementor-section-boxed elementor-section-height-default elementor-section-height-default\" data-id=\"7ef44246\" data-element_type=\"section\" data-e-type=\"section\">\n\t\t\t\t\t\t<div class=\"elementor-container elementor-column-gap-default\">\n\t\t\t\t\t<div class=\"elementor-column elementor-col-100 elementor-top-column elementor-element elementor-element-3111e9bc\" data-id=\"3111e9bc\" data-element_type=\"column\" data-e-type=\"column\">\n\t\t\t<div class=\"elementor-widget-wrap elementor-element-populated\">\n\t\t\t\t\t\t<div class=\"elementor-element elementor-element-356b5c96 elementor-widget elementor-widget-heading\" data-id=\"356b5c96\" data-element_type=\"widget\" data-e-type=\"widget\" data-widget_type=\"heading.default\">\n\t\t\t\t<div class=\"elementor-widget-container\">\n\t\t\t\t\t<h1 class=\"elementor-heading-title elementor-size-default\">R\u00e9server avec Adrien<\/h1>\t\t\t\t<\/div>\n\t\t\t\t<\/div>\n\t\t\t\t\t<\/div>\n\t\t<\/div>\n\t\t\t\t\t<\/div>\n\t\t<\/section>\n\t\t<div class=\"elementor-element elementor-element-aff4326 e-flex e-con-boxed e-con e-parent\" data-id=\"aff4326\" data-element_type=\"container\" data-e-type=\"container\">\n\t\t\t\t\t<div class=\"e-con-inner\">\n\t\t\t\t<div class=\"elementor-element elementor-element-ed297a9 elementor-widget elementor-widget-html\" data-id=\"ed297a9\" data-element_type=\"widget\" data-e-type=\"widget\" data-widget_type=\"html.default\">\n\t\t\t\t<div class=\"elementor-widget-container\">\n\t\t\t\t\t<script id=\"insert-bsport-widget-cdn\">!function (b, s, p, o, r, t) { !typeof window.BsportWidget !== \"undefined\" && !document.getElementById(\"bsport-widget-cdn\") && !function () { m = b.createElement(s), m.id = \"bsport-widget-cdn\", m.src = p, b.getElementsByTagName(\"head\")[0].appendChild(m) }() }(document, \"script\", \"https:\/\/cdn.bsport.io\/scripts\/widget.js\")<\/script>\n<script id=\"bsport-widget-mount\">\n    function MountBsportWidget(config, repeat = 1) {\n        if (repeat > 50) { return }\n        if (!window.BsportWidget) {\n            return setTimeout(() => {\n                MountBsportWidget(config, repeat + 1)\n            }, 100 * repeat || 1)\n        }\n        BsportWidget.mount(config)\n    }\n<\/script>\n<script>\n    MountBsportWidget({\n        \"parentElement\": \"bsport-widget-416501\",\n        \"companyId\": 2441,\n        \"franchiseId\": null,\n        \"dialogMode\": 3,\n        \"widgetType\": \"calendar\",\n        \"showFab\": false,\n        \"fullScreenPopup\": true,\n        \"styles\": undefined,\n        \"config\": {\n            \"calendar\": {\n                \"variant\": \"coach\",\n                 \"coaches\": [\n                        82476\n                    ],\n                    \"establishments\": [],\n                    \"metaActivities\": [],\n                    \"levels\": [],\n                    \"variant\": \"coach\",\n                    \"groupSessionByPeriod\": false,\n                    \"todayOnly\": false,\n                    \"cardModeDisplayMinWidth\": 1000,\n                }\n            },\n            \"usePostMessageIframeDimensions\": true,\n            \"usePostMessageIfameScrollup\": true,\n        })\n    <\/script>\n    <div id=\"bsport-widget-416501\" \/>\t\t\t\t<\/div>\n\t\t\t\t<\/div>\n\t\t\t\t\t<\/div>\n\t\t\t\t<\/div>\n\t\t\t\t<\/div>\n\t\t","protected":false},"excerpt":{"rendered":"<p>Book with Adrien<\/p>","protected":false},"author":3,"featured_media":8700,"parent":7501,"menu_order":0,"comment_status":"closed","ping_status":"closed","template":"","meta":{"_acf_changed":false,"footnotes":""},"class_list":["post-11525","page","type-page","status-publish","has-post-thumbnail","hentry"],"acf":[],"yoast_head":"<!-- This site is optimized with the Yoast SEO plugin v27.4 - https:\/\/yoast.com\/product\/yoast-seo-wordpress\/ -->\n<title>R\u00e9servez une session avec Adrien - DRIP HIIT Paris<\/title>\n<meta name=\"description\" content=\"R\u00e9servez votre session de HIIT avec notre coach Adrien ! Notre Master Coach est l\u00e0 pour vous accompagner dans vos efforts.\" \/>\n<meta name=\"robots\" content=\"index, follow, max-snippet:-1, max-image-preview:large, max-video-preview:-1\" \/>\n<link rel=\"canonical\" href=\"https:\/\/www.drip-hiit.com\/en\/coaches\/adrien\/planning-adrien\/\" \/>\n<meta property=\"og:locale\" content=\"en_GB\" \/>\n<meta property=\"og:type\" content=\"article\" \/>\n<meta property=\"og:title\" content=\"R\u00e9servez une session avec Adrien - DRIP HIIT Paris\" \/>\n<meta property=\"og:description\" content=\"R\u00e9servez votre session de HIIT avec notre coach Adrien ! Notre Master Coach est l\u00e0 pour vous accompagner dans vos efforts.\" \/>\n<meta property=\"og:url\" content=\"https:\/\/www.drip-hiit.com\/en\/coaches\/adrien\/planning-adrien\/\" \/>\n<meta property=\"og:site_name\" content=\"Cours de HIIT Paris - Salle de fitness bootcamp \u00e0 Paris - DRIP\" \/>\n<meta property=\"article:modified_time\" content=\"2024-10-02T15:11:44+00:00\" \/>\n<meta property=\"og:image\" content=\"https:\/\/www.drip-hiit.com\/wp-content\/uploads\/Recrutement.png\" \/>\n\t<meta property=\"og:image:width\" content=\"600\" \/>\n\t<meta property=\"og:image:height\" content=\"600\" \/>\n\t<meta property=\"og:image:type\" content=\"image\/png\" \/>\n<meta name=\"twitter:card\" content=\"summary_large_image\" \/>\n<meta name=\"twitter:label1\" content=\"Estimated reading time\" \/>\n\t<meta name=\"twitter:data1\" content=\"1 minute\" \/>\n<script type=\"application\/ld+json\" class=\"yoast-schema-graph\">{\"@context\":\"https:\\\/\\\/schema.org\",\"@graph\":[{\"@type\":\"WebPage\",\"@id\":\"https:\\\/\\\/www.drip-hiit.com\\\/coachs\\\/adrien\\\/planning-adrien\\\/\",\"url\":\"https:\\\/\\\/www.drip-hiit.com\\\/coachs\\\/adrien\\\/planning-adrien\\\/\",\"name\":\"R\u00e9servez une session avec Adrien - DRIP HIIT Paris\",\"isPartOf\":{\"@id\":\"https:\\\/\\\/www.drip-hiit.com\\\/#website\"},\"primaryImageOfPage\":{\"@id\":\"https:\\\/\\\/www.drip-hiit.com\\\/coachs\\\/adrien\\\/planning-adrien\\\/#primaryimage\"},\"image\":{\"@id\":\"https:\\\/\\\/www.drip-hiit.com\\\/coachs\\\/adrien\\\/planning-adrien\\\/#primaryimage\"},\"thumbnailUrl\":\"https:\\\/\\\/www.drip-hiit.com\\\/wp-content\\\/uploads\\\/Recrutement.png\",\"datePublished\":\"2024-04-03T15:27:00+00:00\",\"dateModified\":\"2024-10-02T15:11:44+00:00\",\"description\":\"R\u00e9servez votre session de HIIT avec notre coach Adrien ! Notre Master Coach est l\u00e0 pour vous accompagner dans vos efforts.\",\"breadcrumb\":{\"@id\":\"https:\\\/\\\/www.drip-hiit.com\\\/coachs\\\/adrien\\\/planning-adrien\\\/#breadcrumb\"},\"inLanguage\":\"en-GB\",\"potentialAction\":[{\"@type\":\"ReadAction\",\"target\":[\"https:\\\/\\\/www.drip-hiit.com\\\/coachs\\\/adrien\\\/planning-adrien\\\/\"]}]},{\"@type\":\"ImageObject\",\"inLanguage\":\"en-GB\",\"@id\":\"https:\\\/\\\/www.drip-hiit.com\\\/coachs\\\/adrien\\\/planning-adrien\\\/#primaryimage\",\"url\":\"https:\\\/\\\/www.drip-hiit.com\\\/wp-content\\\/uploads\\\/Recrutement.png\",\"contentUrl\":\"https:\\\/\\\/www.drip-hiit.com\\\/wp-content\\\/uploads\\\/Recrutement.png\",\"width\":600,\"height\":600},{\"@type\":\"BreadcrumbList\",\"@id\":\"https:\\\/\\\/www.drip-hiit.com\\\/coachs\\\/adrien\\\/planning-adrien\\\/#breadcrumb\",\"itemListElement\":[{\"@type\":\"ListItem\",\"position\":1,\"name\":\"Accueil\",\"item\":\"https:\\\/\\\/www.drip-hiit.com\\\/\"},{\"@type\":\"ListItem\",\"position\":2,\"name\":\"Coachs\",\"item\":\"https:\\\/\\\/www.drip-hiit.com\\\/coachs\\\/\"},{\"@type\":\"ListItem\",\"position\":3,\"name\":\"Adrien\",\"item\":\"https:\\\/\\\/www.drip-hiit.com\\\/coachs\\\/adrien\\\/\"},{\"@type\":\"ListItem\",\"position\":4,\"name\":\"R\u00e9servez une session avec Adrien\"}]},{\"@type\":\"WebSite\",\"@id\":\"https:\\\/\\\/www.drip-hiit.com\\\/#website\",\"url\":\"https:\\\/\\\/www.drip-hiit.com\\\/\",\"name\":\"Drip HIIT Paris\",\"description\":\"\",\"publisher\":{\"@id\":\"https:\\\/\\\/www.drip-hiit.com\\\/#organization\"},\"potentialAction\":[{\"@type\":\"SearchAction\",\"target\":{\"@type\":\"EntryPoint\",\"urlTemplate\":\"https:\\\/\\\/www.drip-hiit.com\\\/?s={search_term_string}\"},\"query-input\":{\"@type\":\"PropertyValueSpecification\",\"valueRequired\":true,\"valueName\":\"search_term_string\"}}],\"inLanguage\":\"en-GB\"},{\"@type\":\"Organization\",\"@id\":\"https:\\\/\\\/www.drip-hiit.com\\\/#organization\",\"name\":\"Drip HIIT Paris\",\"url\":\"https:\\\/\\\/www.drip-hiit.com\\\/\",\"logo\":{\"@type\":\"ImageObject\",\"inLanguage\":\"en-GB\",\"@id\":\"https:\\\/\\\/www.drip-hiit.com\\\/#\\\/schema\\\/logo\\\/image\\\/\",\"url\":\"https:\\\/\\\/www.drip-hiit.com\\\/wp-content\\\/uploads\\\/drip-bleu.svg\",\"contentUrl\":\"https:\\\/\\\/www.drip-hiit.com\\\/wp-content\\\/uploads\\\/drip-bleu.svg\",\"width\":1,\"height\":1,\"caption\":\"Drip HIIT Paris\"},\"image\":{\"@id\":\"https:\\\/\\\/www.drip-hiit.com\\\/#\\\/schema\\\/logo\\\/image\\\/\"},\"sameAs\":[\"https:\\\/\\\/www.instagram.com\\\/drip__hiit\\\/?hl=fr\"]}]}<\/script>\n<!-- \/ Yoast SEO plugin. -->","yoast_head_json":{"title":"Book a session with Adrien - DRIP HIIT Paris","description":"Book your HIIT session with our coach Adrien! Our Master Coach is here to support you in your efforts.","robots":{"index":"index","follow":"follow","max-snippet":"max-snippet:-1","max-image-preview":"max-image-preview:large","max-video-preview":"max-video-preview:-1"},"canonical":"https:\/\/www.drip-hiit.com\/en\/coaches\/adrien\/planning-adrien\/","og_locale":"en_GB","og_type":"article","og_title":"R\u00e9servez une session avec Adrien - DRIP HIIT Paris","og_description":"R\u00e9servez votre session de HIIT avec notre coach Adrien ! Notre Master Coach est l\u00e0 pour vous accompagner dans vos efforts.","og_url":"https:\/\/www.drip-hiit.com\/en\/coaches\/adrien\/planning-adrien\/","og_site_name":"Cours de HIIT Paris - Salle de fitness bootcamp \u00e0 Paris - DRIP","article_modified_time":"2024-10-02T15:11:44+00:00","og_image":[{"width":600,"height":600,"url":"https:\/\/www.drip-hiit.com\/wp-content\/uploads\/Recrutement.png","type":"image\/png"}],"twitter_card":"summary_large_image","twitter_misc":{"Estimated reading time":"1 minute"},"schema":{"@context":"https:\/\/schema.org","@graph":[{"@type":"WebPage","@id":"https:\/\/www.drip-hiit.com\/coachs\/adrien\/planning-adrien\/","url":"https:\/\/www.drip-hiit.com\/coachs\/adrien\/planning-adrien\/","name":"Book a session with Adrien - DRIP HIIT Paris","isPartOf":{"@id":"https:\/\/www.drip-hiit.com\/#website"},"primaryImageOfPage":{"@id":"https:\/\/www.drip-hiit.com\/coachs\/adrien\/planning-adrien\/#primaryimage"},"image":{"@id":"https:\/\/www.drip-hiit.com\/coachs\/adrien\/planning-adrien\/#primaryimage"},"thumbnailUrl":"https:\/\/www.drip-hiit.com\/wp-content\/uploads\/Recrutement.png","datePublished":"2024-04-03T15:27:00+00:00","dateModified":"2024-10-02T15:11:44+00:00","description":"Book your HIIT session with our coach Adrien! Our Master Coach is here to support you in your efforts.","breadcrumb":{"@id":"https:\/\/www.drip-hiit.com\/coachs\/adrien\/planning-adrien\/#breadcrumb"},"inLanguage":"en-GB","potentialAction":[{"@type":"ReadAction","target":["https:\/\/www.drip-hiit.com\/coachs\/adrien\/planning-adrien\/"]}]},{"@type":"ImageObject","inLanguage":"en-GB","@id":"https:\/\/www.drip-hiit.com\/coachs\/adrien\/planning-adrien\/#primaryimage","url":"https:\/\/www.drip-hiit.com\/wp-content\/uploads\/Recrutement.png","contentUrl":"https:\/\/www.drip-hiit.com\/wp-content\/uploads\/Recrutement.png","width":600,"height":600},{"@type":"BreadcrumbList","@id":"https:\/\/www.drip-hiit.com\/coachs\/adrien\/planning-adrien\/#breadcrumb","itemListElement":[{"@type":"ListItem","position":1,"name":"Accueil","item":"https:\/\/www.drip-hiit.com\/"},{"@type":"ListItem","position":2,"name":"Coachs","item":"https:\/\/www.drip-hiit.com\/coachs\/"},{"@type":"ListItem","position":3,"name":"Adrien","item":"https:\/\/www.drip-hiit.com\/coachs\/adrien\/"},{"@type":"ListItem","position":4,"name":"R\u00e9servez une session avec Adrien"}]},{"@type":"WebSite","@id":"https:\/\/www.drip-hiit.com\/#website","url":"https:\/\/www.drip-hiit.com\/","name":"Drip HIIT Paris","description":"","publisher":{"@id":"https:\/\/www.drip-hiit.com\/#organization"},"potentialAction":[{"@type":"SearchAction","target":{"@type":"EntryPoint","urlTemplate":"https:\/\/www.drip-hiit.com\/?s={search_term_string}"},"query-input":{"@type":"PropertyValueSpecification","valueRequired":true,"valueName":"search_term_string"}}],"inLanguage":"en-GB"},{"@type":"Organization","@id":"https:\/\/www.drip-hiit.com\/#organization","name":"Drip HIIT Paris","url":"https:\/\/www.drip-hiit.com\/","logo":{"@type":"ImageObject","inLanguage":"en-GB","@id":"https:\/\/www.drip-hiit.com\/#\/schema\/logo\/image\/","url":"https:\/\/www.drip-hiit.com\/wp-content\/uploads\/drip-bleu.svg","contentUrl":"https:\/\/www.drip-hiit.com\/wp-content\/uploads\/drip-bleu.svg","width":1,"height":1,"caption":"Drip HIIT Paris"},"image":{"@id":"https:\/\/www.drip-hiit.com\/#\/schema\/logo\/image\/"},"sameAs":["https:\/\/www.instagram.com\/drip__hiit\/?hl=fr"]}]}},"jetpack_sharing_enabled":true,"publishpress_future_action":{"enabled":false,"date":"2026-04-27 17:14:01","action":"change-status","newStatus":"draft","terms":[],"taxonomy":"","extraData":[]},"publishpress_future_workflow_manual_trigger":{"enabledWorkflows":[]},"_links":{"self":[{"href":"https:\/\/www.drip-hiit.com\/en\/wp-json\/wp\/v2\/pages\/11525","targetHints":{"allow":["GET"]}}],"collection":[{"href":"https:\/\/www.drip-hiit.com\/en\/wp-json\/wp\/v2\/pages"}],"about":[{"href":"https:\/\/www.drip-hiit.com\/en\/wp-json\/wp\/v2\/types\/page"}],"author":[{"embeddable":true,"href":"https:\/\/www.drip-hiit.com\/en\/wp-json\/wp\/v2\/users\/3"}],"replies":[{"embeddable":true,"href":"https:\/\/www.drip-hiit.com\/en\/wp-json\/wp\/v2\/comments?post=11525"}],"version-history":[{"count":3,"href":"https:\/\/www.drip-hiit.com\/en\/wp-json\/wp\/v2\/pages\/11525\/revisions"}],"predecessor-version":[{"id":11973,"href":"https:\/\/www.drip-hiit.com\/en\/wp-json\/wp\/v2\/pages\/11525\/revisions\/11973"}],"up":[{"embeddable":true,"href":"https:\/\/www.drip-hiit.com\/en\/wp-json\/wp\/v2\/pages\/7501"}],"wp:featuredmedia":[{"embeddable":true,"href":"https:\/\/www.drip-hiit.com\/en\/wp-json\/wp\/v2\/media\/8700"}],"wp:attachment":[{"href":"https:\/\/www.drip-hiit.com\/en\/wp-json\/wp\/v2\/media?parent=11525"}],"curies":[{"name":"wp","href":"https:\/\/api.w.org\/{rel}","templated":true}]}}